{"id":12,"date":"2019-12-10T11:44:11","date_gmt":"2019-12-10T10:44:11","guid":{"rendered":"https:\/\/chambost.fr\/\/?page_id=12"},"modified":"2024-11-20T11:12:52","modified_gmt":"2024-11-20T10:12:52","slug":"our-history","status":"publish","type":"page","link":"https:\/\/chambost.fr\/en\/our-history\/","title":{"rendered":"Our History","raw":"Our History"},"content":{"rendered":"","protected":false,"raw":""},"excerpt":{"rendered":"","protected":false,"raw":""},"author":1,"featured_media":0,"parent":0,"menu_order":0,"comment_status":"closed","ping_status":"closed","template":"","meta":{"_fr_post_content":"","_fr_post_name":"qui-sommes-nous","_fr_post_excerpt":"","_fr_post_title":"L'histoire des salaisons Chambost","_en_post_content":"","_en_post_name":"our-history","_en_post_excerpt":"","_en_post_title":"Our History","edit_language":"en","footnotes":""},"yoast_head":"<!-- This site is optimized with the Yoast SEO plugin v22.0 - https:\/\/yoast.com\/wordpress\/plugins\/seo\/ -->\n<title>L&#039;histoire centenaire des salaisons Chambost - Lyon<\/title>\n<meta name=\"description\" content=\"Depuis plus de 100 ans, les salaisons Chambost fabriquent de la charcuterie s\u00e8che lyonnaise et des sp\u00e9cialit\u00e9s charcuti\u00e8res s\u00e8ches clean label.\" \/>\n<meta name=\"robots\" content=\"index, follow, max-snippet:-1, max-image-preview:large, max-video-preview:-1\" \/>\n<link rel=\"canonical\" href=\"https:\/\/chambost.fr\/qui-sommes-nous\/\" \/>\n<meta property=\"og:locale\" content=\"en_US\" \/>\n<meta property=\"og:type\" content=\"article\" \/>\n<meta property=\"og:title\" content=\"L&#039;histoire centenaire des salaisons Chambost - Lyon\" \/>\n<meta property=\"og:description\" content=\"Depuis plus de 100 ans, les salaisons Chambost fabriquent de la charcuterie s\u00e8che lyonnaise et des sp\u00e9cialit\u00e9s charcuti\u00e8res s\u00e8ches clean label.\" \/>\n<meta property=\"og:url\" content=\"https:\/\/chambost.fr\/qui-sommes-nous\/\" \/>\n<meta property=\"og:site_name\" content=\"Salaisons Chambost\" \/>\n<meta property=\"article:modified_time\" content=\"2024-11-20T10:12:52+00:00\" \/>\n<meta name=\"twitter:card\" content=\"summary_large_image\" \/>\n<script type=\"application\/ld+json\" class=\"yoast-schema-graph\">{\"@context\":\"https:\/\/schema.org\",\"@graph\":[{\"@type\":\"WebPage\",\"@id\":\"https:\/\/chambost.fr\/qui-sommes-nous\/\",\"url\":\"https:\/\/chambost.fr\/qui-sommes-nous\/\",\"name\":\"L'histoire centenaire des salaisons Chambost - Lyon\",\"isPartOf\":{\"@id\":\"https:\/\/chambost.fr\/#website\"},\"datePublished\":\"2019-12-10T10:44:11+00:00\",\"dateModified\":\"2024-11-20T10:12:52+00:00\",\"description\":\"Depuis plus de 100 ans, les salaisons Chambost fabriquent de la charcuterie s\u00e8che lyonnaise et des sp\u00e9cialit\u00e9s charcuti\u00e8res s\u00e8ches clean label.\",\"inLanguage\":\"en-US\",\"potentialAction\":[{\"@type\":\"ReadAction\",\"target\":[\"https:\/\/chambost.fr\/qui-sommes-nous\/\"]}]},{\"@type\":\"WebSite\",\"@id\":\"https:\/\/chambost.fr\/#website\",\"url\":\"https:\/\/chambost.fr\/\",\"name\":\"Salaisons Chambost\",\"description\":\"Sp\u00e9cialiste historique des saucissons secs lyonnais\",\"potentialAction\":[{\"@type\":\"SearchAction\",\"target\":{\"@type\":\"EntryPoint\",\"urlTemplate\":\"https:\/\/chambost.fr\/?s={search_term_string}\"},\"query-input\":\"required name=search_term_string\"}],\"inLanguage\":\"en-US\"}]}<\/script>\n<!-- \/ Yoast SEO plugin. -->","yoast_head_json":{"title":"L'histoire centenaire des salaisons Chambost - Lyon","description":"Depuis plus de 100 ans, les salaisons Chambost fabriquent de la charcuterie s\u00e8che lyonnaise et des sp\u00e9cialit\u00e9s charcuti\u00e8res s\u00e8ches clean label.","robots":{"index":"index","follow":"follow","max-snippet":"max-snippet:-1","max-image-preview":"max-image-preview:large","max-video-preview":"max-video-preview:-1"},"canonical":"https:\/\/chambost.fr\/qui-sommes-nous\/","og_locale":"en_US","og_type":"article","og_title":"L'histoire centenaire des salaisons Chambost - Lyon","og_description":"Depuis plus de 100 ans, les salaisons Chambost fabriquent de la charcuterie s\u00e8che lyonnaise et des sp\u00e9cialit\u00e9s charcuti\u00e8res s\u00e8ches clean label.","og_url":"https:\/\/chambost.fr\/qui-sommes-nous\/","og_site_name":"Salaisons Chambost","article_modified_time":"2024-11-20T10:12:52+00:00","twitter_card":"summary_large_image","schema":{"@context":"https:\/\/schema.org","@graph":[{"@type":"WebPage","@id":"https:\/\/chambost.fr\/qui-sommes-nous\/","url":"https:\/\/chambost.fr\/qui-sommes-nous\/","name":"L'histoire centenaire des salaisons Chambost - Lyon","isPartOf":{"@id":"https:\/\/chambost.fr\/#website"},"datePublished":"2019-12-10T10:44:11+00:00","dateModified":"2024-11-20T10:12:52+00:00","description":"Depuis plus de 100 ans, les salaisons Chambost fabriquent de la charcuterie s\u00e8che lyonnaise et des sp\u00e9cialit\u00e9s charcuti\u00e8res s\u00e8ches clean label.","inLanguage":"en-US","potentialAction":[{"@type":"ReadAction","target":["https:\/\/chambost.fr\/qui-sommes-nous\/"]}]},{"@type":"WebSite","@id":"https:\/\/chambost.fr\/#website","url":"https:\/\/chambost.fr\/","name":"Salaisons Chambost","description":"Sp\u00e9cialiste historique des saucissons secs lyonnais","potentialAction":[{"@type":"SearchAction","target":{"@type":"EntryPoint","urlTemplate":"https:\/\/chambost.fr\/?s={search_term_string}"},"query-input":"required name=search_term_string"}],"inLanguage":"en-US"}]}},"_links":{"self":[{"href":"https:\/\/chambost.fr\/en\/wp-json\/wp\/v2\/pages\/12"}],"collection":[{"href":"https:\/\/chambost.fr\/en\/wp-json\/wp\/v2\/pages"}],"about":[{"href":"https:\/\/chambost.fr\/en\/wp-json\/wp\/v2\/types\/page"}],"author":[{"embeddable":true,"href":"https:\/\/chambost.fr\/en\/wp-json\/wp\/v2\/users\/1"}],"replies":[{"embeddable":true,"href":"https:\/\/chambost.fr\/en\/wp-json\/wp\/v2\/comments?post=12"}],"version-history":[{"count":9,"href":"https:\/\/chambost.fr\/en\/wp-json\/wp\/v2\/pages\/12\/revisions"}],"predecessor-version":[{"id":679,"href":"https:\/\/chambost.fr\/en\/wp-json\/wp\/v2\/pages\/12\/revisions\/679"}],"wp:attachment":[{"href":"https:\/\/chambost.fr\/en\/wp-json\/wp\/v2\/media?parent=12"}],"curies":[{"name":"wp","href":"https:\/\/api.w.org\/{rel}","templated":true}]}}