{"id":16,"date":"2019-12-10T11:45:58","date_gmt":"2019-12-10T10:45:58","guid":{"rendered":"https:\/\/chambost.fr\/\/?page_id=16"},"modified":"2022-05-04T15:33:40","modified_gmt":"2022-05-04T13:33:40","slug":"slicing-bar","status":"publish","type":"page","link":"https:\/\/chambost.fr\/en\/slicing-bar\/","title":{"rendered":"SLICING BAR","raw":"SLICING BAR"},"content":{"rendered":"","protected":false,"raw":""},"excerpt":{"rendered":"","protected":false,"raw":""},"author":1,"featured_media":0,"parent":0,"menu_order":0,"comment_status":"closed","ping_status":"closed","template":"","meta":{"_fr_post_content":"Ne cherchez plus : la charcuterie moderne, pratique & accessible est tranch\u00e9e pour faciliter sa consommation. Les Salaisons Chambost ont depuis plusieurs dizaines d\u2019ann\u00e9es d\u00e9velopp\u00e9 un savoir-faire reconnu dans la fourniture de barres \u00e0 trancher de charcuterie s\u00e8che lyonnaise.","_fr_post_name":"barres-a-trancher","_fr_post_excerpt":"","_fr_post_title":"Barres \u00e0 trancher","_en_post_content":"","_en_post_name":"slicing-bar","_en_post_excerpt":"","_en_post_title":"SLICING BAR","edit_language":"en","footnotes":""},"yoast_head":"<!-- This site is optimized with the Yoast SEO plugin v22.0 - https:\/\/yoast.com\/wordpress\/plugins\/seo\/ -->\n<title>Barres \u00e0 trancher - Salaisons Chambost<\/title>\n<meta name=\"robots\" content=\"index, follow, max-snippet:-1, max-image-preview:large, max-video-preview:-1\" \/>\n<link rel=\"canonical\" href=\"https:\/\/chambost.fr\/en\/slicing-bar\/\" \/>\n<meta property=\"og:locale\" content=\"en_US\" \/>\n<meta property=\"og:type\" content=\"article\" \/>\n<meta property=\"og:title\" content=\"Barres \u00e0 trancher - Salaisons Chambost\" \/>\n<meta property=\"og:description\" content=\"Ne cherchez plus : la charcuterie moderne, pratique &#038; accessible est tranch\u00e9e pour faciliter sa consommation. Les Salaisons Chambost ont depuis plusieurs dizaines d\u2019ann\u00e9es d\u00e9velopp\u00e9 un savoir-faire reconnu dans la fourniture de barres \u00e0 trancher de charcuterie s\u00e8che lyonnaise.\" \/>\n<meta property=\"og:url\" content=\"https:\/\/chambost.fr\/en\/slicing-bar\/\" \/>\n<meta property=\"og:site_name\" content=\"Salaisons Chambost\" \/>\n<meta property=\"article:modified_time\" content=\"2022-05-04T13:33:40+00:00\" \/>\n<meta name=\"twitter:card\" content=\"summary_large_image\" \/>\n<script type=\"application\/ld+json\" class=\"yoast-schema-graph\">{\"@context\":\"https:\/\/schema.org\",\"@graph\":[{\"@type\":\"WebPage\",\"@id\":\"https:\/\/chambost.fr\/en\/slicing-bar\/\",\"url\":\"https:\/\/chambost.fr\/en\/slicing-bar\/\",\"name\":\"Barres \u00e0 trancher - Salaisons Chambost\",\"isPartOf\":{\"@id\":\"https:\/\/chambost.fr\/#website\"},\"datePublished\":\"2019-12-10T10:45:58+00:00\",\"dateModified\":\"2022-05-04T13:33:40+00:00\",\"inLanguage\":\"en-US\",\"potentialAction\":[{\"@type\":\"ReadAction\",\"target\":[\"https:\/\/chambost.fr\/en\/slicing-bar\/\"]}]},{\"@type\":\"WebSite\",\"@id\":\"https:\/\/chambost.fr\/#website\",\"url\":\"https:\/\/chambost.fr\/\",\"name\":\"Salaisons Chambost\",\"description\":\"Sp\u00e9cialiste historique des saucissons secs lyonnais\",\"potentialAction\":[{\"@type\":\"SearchAction\",\"target\":{\"@type\":\"EntryPoint\",\"urlTemplate\":\"https:\/\/chambost.fr\/?s={search_term_string}\"},\"query-input\":\"required name=search_term_string\"}],\"inLanguage\":\"en-US\"}]}<\/script>\n<!-- \/ Yoast SEO plugin. -->","yoast_head_json":{"title":"Barres \u00e0 trancher - Salaisons Chambost","robots":{"index":"index","follow":"follow","max-snippet":"max-snippet:-1","max-image-preview":"max-image-preview:large","max-video-preview":"max-video-preview:-1"},"canonical":"https:\/\/chambost.fr\/en\/slicing-bar\/","og_locale":"en_US","og_type":"article","og_title":"Barres \u00e0 trancher - Salaisons Chambost","og_description":"Ne cherchez plus : la charcuterie moderne, pratique &#038; accessible est tranch\u00e9e pour faciliter sa consommation. Les Salaisons Chambost ont depuis plusieurs dizaines d\u2019ann\u00e9es d\u00e9velopp\u00e9 un savoir-faire reconnu dans la fourniture de barres \u00e0 trancher de charcuterie s\u00e8che lyonnaise.","og_url":"https:\/\/chambost.fr\/en\/slicing-bar\/","og_site_name":"Salaisons Chambost","article_modified_time":"2022-05-04T13:33:40+00:00","twitter_card":"summary_large_image","schema":{"@context":"https:\/\/schema.org","@graph":[{"@type":"WebPage","@id":"https:\/\/chambost.fr\/en\/slicing-bar\/","url":"https:\/\/chambost.fr\/en\/slicing-bar\/","name":"Barres \u00e0 trancher - Salaisons Chambost","isPartOf":{"@id":"https:\/\/chambost.fr\/#website"},"datePublished":"2019-12-10T10:45:58+00:00","dateModified":"2022-05-04T13:33:40+00:00","inLanguage":"en-US","potentialAction":[{"@type":"ReadAction","target":["https:\/\/chambost.fr\/en\/slicing-bar\/"]}]},{"@type":"WebSite","@id":"https:\/\/chambost.fr\/#website","url":"https:\/\/chambost.fr\/","name":"Salaisons Chambost","description":"Sp\u00e9cialiste historique des saucissons secs lyonnais","potentialAction":[{"@type":"SearchAction","target":{"@type":"EntryPoint","urlTemplate":"https:\/\/chambost.fr\/?s={search_term_string}"},"query-input":"required name=search_term_string"}],"inLanguage":"en-US"}]}},"_links":{"self":[{"href":"https:\/\/chambost.fr\/en\/wp-json\/wp\/v2\/pages\/16"}],"collection":[{"href":"https:\/\/chambost.fr\/en\/wp-json\/wp\/v2\/pages"}],"about":[{"href":"https:\/\/chambost.fr\/en\/wp-json\/wp\/v2\/types\/page"}],"author":[{"embeddable":true,"href":"https:\/\/chambost.fr\/en\/wp-json\/wp\/v2\/users\/1"}],"replies":[{"embeddable":true,"href":"https:\/\/chambost.fr\/en\/wp-json\/wp\/v2\/comments?post=16"}],"version-history":[{"count":5,"href":"https:\/\/chambost.fr\/en\/wp-json\/wp\/v2\/pages\/16\/revisions"}],"predecessor-version":[{"id":557,"href":"https:\/\/chambost.fr\/en\/wp-json\/wp\/v2\/pages\/16\/revisions\/557"}],"wp:attachment":[{"href":"https:\/\/chambost.fr\/en\/wp-json\/wp\/v2\/media?parent=16"}],"curies":[{"name":"wp","href":"https:\/\/api.w.org\/{rel}","templated":true}]}}